{"id":4188,"date":"2025-07-31T23:18:24","date_gmt":"2025-07-31T23:18:24","guid":{"rendered":"https:\/\/xpaid.org\/?page_id=4188"},"modified":"2026-04-03T12:51:46","modified_gmt":"2026-04-03T12:51:46","slug":"analytics","status":"publish","type":"page","link":"https:\/\/xpaid.org\/pl\/analytics\/","title":{"rendered":"Analityka Xpaid"},"content":{"rendered":"<div data-elementor-type=\"wp-page\" data-elementor-id=\"4188\" class=\"elementor elementor-4188\" data-elementor-post-type=\"page\">\n\t\t\t\t<div class=\"elementor-element elementor-element-f7a0c1c e-flex e-con-boxed e-con e-parent\" data-id=\"f7a0c1c\" data-element_type=\"container\" data-e-type=\"container\">\n\t\t\t\t\t<div class=\"e-con-inner\">\n\t\t<div class=\"elementor-element elementor-element-a3c8082 e-con-full e-flex e-con e-child\" data-id=\"a3c8082\" data-element_type=\"container\" data-e-type=\"container\">\n\t\t\t\t<div class=\"elementor-element elementor-element-35ced7c elementor-widget elementor-widget-heading\" data-id=\"35ced7c\" data-element_type=\"widget\" data-e-type=\"widget\" data-widget_type=\"heading.default\">\n\t\t\t\t\t<h1 class=\"elementor-heading-title elementor-size-default\">Analityka Xpaid<\/h1>\t\t\t\t<\/div>\n\t\t\t\t<div class=\"elementor-element elementor-element-9246901 elementor-arrows-position-inside elementor-invisible elementor-widget elementor-widget-loop-carousel\" data-id=\"9246901\" data-element_type=\"widget\" data-e-type=\"widget\" data-settings=\"{&quot;template_id&quot;:&quot;3785&quot;,&quot;autoplay_speed&quot;:3000,&quot;speed&quot;:2000,&quot;offset_sides&quot;:&quot;right&quot;,&quot;offset_width&quot;:{&quot;unit&quot;:&quot;px&quot;,&quot;size&quot;:150,&quot;sizes&quot;:[]},&quot;offset_width_mobile&quot;:{&quot;unit&quot;:&quot;px&quot;,&quot;size&quot;:90,&quot;sizes&quot;:[]},&quot;image_spacing_custom&quot;:{&quot;unit&quot;:&quot;px&quot;,&quot;size&quot;:30,&quot;sizes&quot;:[]},&quot;image_spacing_custom_mobile&quot;:{&quot;unit&quot;:&quot;px&quot;,&quot;size&quot;:10,&quot;sizes&quot;:[]},&quot;_animation&quot;:&quot;fadeIn&quot;,&quot;_animation_delay&quot;:400,&quot;_skin&quot;:&quot;post&quot;,&quot;slides_to_show&quot;:&quot;3&quot;,&quot;slides_to_show_tablet&quot;:&quot;2&quot;,&quot;slides_to_show_mobile&quot;:&quot;1&quot;,&quot;slides_to_scroll&quot;:&quot;1&quot;,&quot;edit_handle_selector&quot;:&quot;.elementor-loop-container&quot;,&quot;autoplay&quot;:&quot;yes&quot;,&quot;pause_on_hover&quot;:&quot;yes&quot;,&quot;pause_on_interaction&quot;:&quot;yes&quot;,&quot;infinite&quot;:&quot;yes&quot;,&quot;offset_width_tablet&quot;:{&quot;unit&quot;:&quot;px&quot;,&quot;size&quot;:&quot;&quot;,&quot;sizes&quot;:[]},&quot;arrows&quot;:&quot;yes&quot;,&quot;image_spacing_custom_tablet&quot;:{&quot;unit&quot;:&quot;px&quot;,&quot;size&quot;:&quot;&quot;,&quot;sizes&quot;:[]}}\" data-widget_type=\"loop-carousel.post\">\n\t\t\t\t\t<style>.elementor-element-9246901{display:none !important}<\/style>\t\t\t\t<\/div>\n\t\t\t\t<div class=\"elementor-element elementor-element-208953d elementor-arrows-position-inside elementor-invisible elementor-widget elementor-widget-loop-carousel\" data-id=\"208953d\" data-element_type=\"widget\" data-e-type=\"widget\" data-settings=\"{&quot;template_id&quot;:&quot;3785&quot;,&quot;autoplay_speed&quot;:3000,&quot;speed&quot;:2000,&quot;offset_sides&quot;:&quot;right&quot;,&quot;offset_width&quot;:{&quot;unit&quot;:&quot;px&quot;,&quot;size&quot;:150,&quot;sizes&quot;:[]},&quot;offset_width_mobile&quot;:{&quot;unit&quot;:&quot;px&quot;,&quot;size&quot;:90,&quot;sizes&quot;:[]},&quot;image_spacing_custom&quot;:{&quot;unit&quot;:&quot;px&quot;,&quot;size&quot;:30,&quot;sizes&quot;:[]},&quot;image_spacing_custom_mobile&quot;:{&quot;unit&quot;:&quot;px&quot;,&quot;size&quot;:10,&quot;sizes&quot;:[]},&quot;_animation&quot;:&quot;fadeIn&quot;,&quot;_animation_delay&quot;:400,&quot;_skin&quot;:&quot;post&quot;,&quot;slides_to_show&quot;:&quot;3&quot;,&quot;slides_to_show_tablet&quot;:&quot;2&quot;,&quot;slides_to_show_mobile&quot;:&quot;1&quot;,&quot;slides_to_scroll&quot;:&quot;1&quot;,&quot;edit_handle_selector&quot;:&quot;.elementor-loop-container&quot;,&quot;autoplay&quot;:&quot;yes&quot;,&quot;pause_on_hover&quot;:&quot;yes&quot;,&quot;pause_on_interaction&quot;:&quot;yes&quot;,&quot;infinite&quot;:&quot;yes&quot;,&quot;offset_width_tablet&quot;:{&quot;unit&quot;:&quot;px&quot;,&quot;size&quot;:&quot;&quot;,&quot;sizes&quot;:[]},&quot;arrows&quot;:&quot;yes&quot;,&quot;image_spacing_custom_tablet&quot;:{&quot;unit&quot;:&quot;px&quot;,&quot;size&quot;:&quot;&quot;,&quot;sizes&quot;:[]}}\" data-no-translation=\"\" data-widget_type=\"loop-carousel.post\">\n\t\t\t\t\t<style>.elementor-element-208953d{display:none !important}<\/style>\t\t\t\t<\/div>\n\t\t\t\t<\/div>\n\t\t<div class=\"elementor-element elementor-element-f262702 e-con-full e-flex e-con e-child\" data-id=\"f262702\" data-element_type=\"container\" data-e-type=\"container\">\n\t\t<div class=\"elementor-element elementor-element-d7b8b53 e-con-full e-flex e-con e-child\" data-id=\"d7b8b53\" data-element_type=\"container\" data-e-type=\"container\" data-settings=\"{&quot;background_background&quot;:&quot;classic&quot;}\">\n\t\t\t\t<div class=\"elementor-element elementor-element-9428776 elementor-widget elementor-widget-heading\" data-id=\"9428776\" data-element_type=\"widget\" data-e-type=\"widget\" data-widget_type=\"heading.default\">\n\t\t\t\t\t<h4 class=\"elementor-heading-title elementor-size-default\">Legalny przelew bankowy z Ukrainy do UE z Xpaid<\/h4>\t\t\t\t<\/div>\n\t\t\t\t<div class=\"elementor-element elementor-element-c504f10 elementor-widget elementor-widget-text-editor\" data-id=\"c504f10\" data-element_type=\"widget\" data-e-type=\"widget\" data-widget_type=\"text-editor.default\">\n\t\t\t\t\t\t\t\t\t<p>Rozpocznij sw\u00f3j transfer ju\u017c dzi\u015b korzystaj\u0105c z profesjonalnego wsparcia - b\u0119dziemy Ci towarzyszy\u0107 na wszystkich etapach, \u0142\u0105cznie z monitoringiem finansowym.<\/p>\t\t\t\t\t\t\t\t<\/div>\n\t\t\t\t<div class=\"elementor-element elementor-element-1249f08 elementor-mobile-align-justify animated-fast elementor-align-justify elementor-invisible elementor-widget elementor-widget-button\" data-id=\"1249f08\" data-element_type=\"widget\" data-e-type=\"widget\" data-settings=\"{&quot;_animation&quot;:&quot;fadeIn&quot;,&quot;_animation_delay&quot;:400}\" data-widget_type=\"button.default\">\n\t\t\t\t\t\t\t\t\t\t<a class=\"elementor-button elementor-button-link elementor-size-sm\" href=\"https:\/\/calendly.com\/xpaid\/30min?month=2025-07\" rel=\"nofollow noopener\" target=\"_blank\">\n\t\t\t\t\t\t<span class=\"elementor-button-content-wrapper\">\n\t\t\t\t\t\t\t\t\t<span class=\"elementor-button-text\">Dowiedz si\u0119 wi\u0119cej<\/span>\n\t\t\t\t\t<\/span>\n\t\t\t\t\t<\/a>\n\t\t\t\t\t\t\t\t<\/div>\n\t\t\t\t<div class=\"elementor-element elementor-element-89cd52b elementor-widget elementor-widget-image\" data-id=\"89cd52b\" data-element_type=\"widget\" data-e-type=\"widget\" data-widget_type=\"image.default\">\n\t\t\t\t\t\t\t\t\t\t\t\t\t\t\t<img fetchpriority=\"high\" decoding=\"async\" width=\"340\" height=\"290\" src=\"https:\/\/xpaid.org\/wp-content\/uploads\/2025\/08\/graphic-blog.svg\" class=\"attachment-large size-large wp-image-4833\" alt=\"\">\t\t\t\t\t\t\t\t\t\t\t\t\t\t\t<\/div>\n\t\t\t\t<\/div>\n\t\t<div class=\"elementor-element elementor-element-499755a e-con-full elementor-hidden-mobile e-flex e-con e-child\" data-id=\"499755a\" data-element_type=\"container\" data-e-type=\"container\">\n\t\t\t\t<div class=\"elementor-element elementor-element-b29e86e elementor-widget elementor-widget-heading\" data-id=\"b29e86e\" data-element_type=\"widget\" data-e-type=\"widget\" data-widget_type=\"heading.default\">\n\t\t\t\t\t<h4 class=\"elementor-heading-title elementor-size-default\">O programie Xpaid Partnership<\/h4>\t\t\t\t<\/div>\n\t\t\t\t<div class=\"elementor-element elementor-element-047a9ff elementor-widget elementor-widget-text-editor\" data-id=\"047a9ff\" data-element_type=\"widget\" data-e-type=\"widget\" data-widget_type=\"text-editor.default\">\n\t\t\t\t\t\t\t\t\t<p>Xpaid to kryptoneobank specjalizuj\u0105cy si\u0119 w integracji rozwi\u0105za\u0144 kryptowalutowych i us\u0142ug finansowych, upraszczaj\u0105c przelewy i p\u0142atno\u015bci.<\/p>\t\t\t\t\t\t\t\t<\/div>\n\t\t<div class=\"elementor-element elementor-element-1d441b5 e-con-full elementor-hidden-mobile e-flex e-con e-child\" data-id=\"1d441b5\" data-element_type=\"container\" data-e-type=\"container\">\n\t\t\t\t<div class=\"elementor-element elementor-element-96feef1 elementor-widget elementor-widget-image\" data-id=\"96feef1\" data-element_type=\"widget\" data-e-type=\"widget\" data-widget_type=\"image.default\">\n\t\t\t\t\t\t\t\t\t\t\t\t\t\t\t\t<a href=\"https:\/\/t.me\/xpaid_news\" rel=\"nofollow\">\n\t\t\t\t\t\t\t<img decoding=\"async\" width=\"120\" height=\"120\" src=\"https:\/\/xpaid.org\/wp-content\/uploads\/2025\/08\/telg.png\" class=\"attachment-full size-full wp-image-4952\" alt=\"\" srcset=\"https:\/\/xpaid.org\/wp-content\/uploads\/2025\/08\/telg.png 120w, https:\/\/xpaid.org\/wp-content\/uploads\/2025\/08\/telg-12x12.png 12w\" sizes=\"(max-width: 120px) 100vw, 120px\">\t\t\t\t\t\t\t\t<\/a>\n\t\t\t\t\t\t\t\t\t\t\t\t\t\t\t<\/div>\n\t\t\t\t<div class=\"elementor-element elementor-element-ae233e4 elementor-widget elementor-widget-image\" data-id=\"ae233e4\" data-element_type=\"widget\" data-e-type=\"widget\" data-widget_type=\"image.default\">\n\t\t\t\t\t\t\t\t\t\t\t\t\t\t\t\t<a href=\"https:\/\/www.instagram.com\/xpaid.en\/\" rel=\"nofollow noopener\" target=\"_blank\">\n\t\t\t\t\t\t\t<img decoding=\"async\" width=\"120\" height=\"120\" src=\"https:\/\/xpaid.org\/wp-content\/uploads\/2025\/08\/inst.png\" class=\"attachment-full size-full wp-image-4951\" alt=\"\" srcset=\"https:\/\/xpaid.org\/wp-content\/uploads\/2025\/08\/inst.png 120w, https:\/\/xpaid.org\/wp-content\/uploads\/2025\/08\/inst-12x12.png 12w\" sizes=\"(max-width: 120px) 100vw, 120px\">\t\t\t\t\t\t\t\t<\/a>\n\t\t\t\t\t\t\t\t\t\t\t\t\t\t\t<\/div>\n\t\t\t\t<div class=\"elementor-element elementor-element-05a1467 elementor-widget elementor-widget-image\" data-id=\"05a1467\" data-element_type=\"widget\" data-e-type=\"widget\" data-widget_type=\"image.default\">\n\t\t\t\t\t\t\t\t\t\t\t\t\t\t\t\t<a href=\"https:\/\/www.linkedin.com\/company\/xpaid-neobank\/\" rel=\"nofollow noopener\" target=\"_blank\">\n\t\t\t\t\t\t\t<img loading=\"lazy\" decoding=\"async\" width=\"120\" height=\"120\" src=\"https:\/\/xpaid.org\/wp-content\/uploads\/2025\/08\/in.png\" class=\"attachment-full size-full wp-image-4950\" alt=\"\" srcset=\"https:\/\/xpaid.org\/wp-content\/uploads\/2025\/08\/in.png 120w, https:\/\/xpaid.org\/wp-content\/uploads\/2025\/08\/in-12x12.png 12w\" sizes=\"(max-width: 120px) 100vw, 120px\">\t\t\t\t\t\t\t\t<\/a>\n\t\t\t\t\t\t\t\t\t\t\t\t\t\t\t<\/div>\n\t\t\t\t<\/div>\n\t\t\t\t<\/div>\n\t\t\t\t<\/div>\n\t\t\t\t\t<\/div>\n\t\t\t\t<\/div>\n\t\t\t\t<\/div>","protected":false},"excerpt":{"rendered":"<p>\u0410\u043d\u0430\u043b\u0456\u0442\u0438\u043a\u0430 Xpaid \u041b\u0435\u0433\u0430\u043b\u044c\u043d\u0438\u0439 \u0431\u0430\u043d\u043a\u0456\u0432\u0441\u044c\u043a\u0438\u0439 \u043f\u0435\u0440\u0435\u043a\u0430\u0437 \u0437\u00a0\u0423\u043a\u0440\u0430\u0457\u043d\u0438 \u0432\u00a0\u0404\u0421\u00a0\u0437 \u0425paid \u041f\u043e\u0447\u043d\u0456\u0442\u044c \u043f\u0435\u0440\u0435\u043a\u0430\u0437 \u0456\u0437 \u043f\u0440\u043e\u0444\u0435\u0441\u0456\u0439\u043d\u043e\u044e \u043f\u0456\u0434\u0442\u0440\u0438\u043c\u043a\u043e\u044e \u0432\u0436\u0435 \u0441\u044c\u043e\u0433\u043e\u0434\u043d\u0456 \u2014 \u043c\u0438 \u0441\u0443\u043f\u0440\u043e\u0432\u043e\u0434\u0438\u043c\u043e \u0432\u0430\u0441 \u043d\u0430 \u0432\u0441\u0456\u0445 \u0435\u0442\u0430\u043f\u0430\u0445, \u0432\u043a\u043b\u044e\u0447\u043d\u043e \u0437 \u0444\u0456\u043d\u043c\u043e\u043d\u0456\u0442\u043e\u0440\u0438\u043d\u0433\u043e\u043c. \u0414\u0456\u0437\u043d\u0430\u0442\u0438\u0441\u044c \u0431\u0456\u043b\u044c\u0448\u0435 \u041f\u0440\u043e Xpaid Xpaid \u2014 \u043a\u0440\u0438\u043f\u0442\u043e \u043d\u0435\u043e\u0431\u0430\u043d\u043a, \u0449\u043e \u0441\u043f\u0435\u0446\u0456\u0430\u043b\u0456\u0437\u0443\u0454\u0442\u044c\u0441\u044f \u043d\u0430 \u0456\u043d\u0442\u0435\u0433\u0440\u0430\u0446\u0456\u0457 \u043a\u0440\u0438\u043f\u0442\u043e\u0432\u0430\u043b\u044e\u0442\u043d\u0438\u0445 \u0440\u0456\u0448\u0435\u043d\u044c \u0442\u0430\u00a0\u0444\u0456\u043d\u0430\u043d\u0441\u043e\u0432\u0438\u0445 \u043f\u043e\u0441\u043b\u0443\u0433, \u0441\u043f\u0440\u043e\u0449\u0443\u044e\u0447\u0438 \u043f\u0435\u0440\u0435\u043a\u0430\u0437\u0438 \u0442\u0430\u00a0\u043f\u043b\u0430\u0442\u0435\u0436\u0456.<\/p>","protected":false},"author":1,"featured_media":4047,"parent":0,"menu_order":0,"comment_status":"closed","ping_status":"closed","template":"","meta":{"footnotes":""},"class_list":["post-4188","page","type-page","status-publish","has-post-thumbnail","hentry"],"_links":{"self":[{"href":"https:\/\/xpaid.org\/pl\/wp-json\/wp\/v2\/pages\/4188","targetHints":{"allow":["GET"]}}],"collection":[{"href":"https:\/\/xpaid.org\/pl\/wp-json\/wp\/v2\/pages"}],"about":[{"href":"https:\/\/xpaid.org\/pl\/wp-json\/wp\/v2\/types\/page"}],"author":[{"embeddable":true,"href":"https:\/\/xpaid.org\/pl\/wp-json\/wp\/v2\/users\/1"}],"replies":[{"embeddable":true,"href":"https:\/\/xpaid.org\/pl\/wp-json\/wp\/v2\/comments?post=4188"}],"version-history":[{"count":5,"href":"https:\/\/xpaid.org\/pl\/wp-json\/wp\/v2\/pages\/4188\/revisions"}],"predecessor-version":[{"id":6685,"href":"https:\/\/xpaid.org\/pl\/wp-json\/wp\/v2\/pages\/4188\/revisions\/6685"}],"wp:featuredmedia":[{"embeddable":true,"href":"https:\/\/xpaid.org\/pl\/wp-json\/wp\/v2\/media\/4047"}],"wp:attachment":[{"href":"https:\/\/xpaid.org\/pl\/wp-json\/wp\/v2\/media?parent=4188"}],"curies":[{"name":"wp","href":"https:\/\/api.w.org\/{rel}","templated":true}]}}