{"id":1490,"date":"2025-06-29T01:22:34","date_gmt":"2025-06-29T01:22:34","guid":{"rendered":"https:\/\/xpaid.org\/?page_id=1490"},"modified":"2026-04-24T21:05:31","modified_gmt":"2026-04-24T21:05:31","slug":"blog","status":"publish","type":"page","link":"https:\/\/xpaid.org\/pl\/blog\/","title":{"rendered":"Blog"},"content":{"rendered":"\t\t<div data-elementor-type=\"wp-page\" data-elementor-id=\"1490\" class=\"elementor elementor-1490\" data-elementor-post-type=\"page\">\n\t\t\t\t<div class=\"elementor-element elementor-element-9488451 e-flex e-con-boxed e-con e-parent\" data-id=\"9488451\" data-element_type=\"container\" data-e-type=\"container\">\n\t\t\t\t\t<div class=\"e-con-inner\">\n\t\t<div class=\"elementor-element elementor-element-0610277 e-con-full e-flex e-con e-child\" data-id=\"0610277\" data-element_type=\"container\" data-e-type=\"container\">\n\t\t\t\t<div class=\"elementor-element elementor-element-97ecb5f elementor-invisible elementor-widget elementor-widget-heading\" data-id=\"97ecb5f\" data-element_type=\"widget\" data-e-type=\"widget\" data-settings=\"{&quot;_animation&quot;:&quot;fadeIn&quot;}\" data-widget_type=\"heading.default\">\n\t\t\t\t\t<h1 class=\"elementor-heading-title elementor-size-default\">\u0411\u043b\u043e\u0433 Xpaid: \u043d\u043e\u0432\u0438\u043d\u0438, \u0433\u0430\u0439\u0434\u0438 \u0442\u0430 \u0430\u043d\u0430\u043b\u0456\u0442\u0438\u043a\u0430<\/h1>\t\t\t\t<\/div>\n\t\t\t\t<div class=\"elementor-element elementor-element-2c6eda4 elementor-invisible elementor-widget elementor-widget-heading\" data-id=\"2c6eda4\" data-element_type=\"widget\" data-e-type=\"widget\" data-settings=\"{&quot;_animation&quot;:&quot;fadeIn&quot;,&quot;_animation_delay&quot;:200}\" data-widget_type=\"heading.default\">\n\t\t\t\t\t<h2 class=\"elementor-heading-title elementor-size-default\">\u0426\u0438\u0444\u0440\u043e\u0432\u0456 \u0430\u043a\u0442\u0438\u0432\u0438, \u043c\u0456\u0436\u043d\u0430\u0440\u043e\u0434\u043d\u0456 \u043f\u0435\u0440\u0435\u043a\u0430\u0437\u0438, \u0431\u0430\u043d\u043a\u0456\u043d\u0433 \u0442\u0430 \u043a\u043e\u043c\u043f\u043b\u0430\u0454\u043d\u0441<\/h2>\t\t\t\t<\/div>\n\t\t\t\t<div class=\"elementor-element elementor-element-622d00d elementor-widget__width-initial elementor-invisible elementor-widget elementor-widget-text-editor\" data-id=\"622d00d\" data-element_type=\"widget\" data-e-type=\"widget\" data-settings=\"{&quot;_animation&quot;:&quot;fadeIn&quot;,&quot;_animation_delay&quot;:400}\" data-widget_type=\"text-editor.default\">\n\t\t\t\t\t\t\t\t\t<p class=\"p1\">\u0414\u0456\u043b\u0438\u043c\u043e\u0441\u044f \u043f\u0440\u0430\u043a\u0442\u0438\u0447\u043d\u0438\u043c\u0438 \u043a\u0435\u0439\u0441\u0430\u043c\u0438 \u0442\u0430 \u0456\u043d\u0444\u043e\u0440\u043c\u0430\u0446\u0456\u0454\u044e \u043f\u0440\u043e \u043c\u0456\u0436\u043d\u0430\u0440\u043e\u0434\u043d\u0456 \u043f\u0435\u0440\u0435\u043a\u0430\u0437\u0438, \u0446\u0438\u0444\u0440\u043e\u0432\u0456 \u0430\u043a\u0442\u0438\u0432\u0438 \u0439 \u0432\u0456\u0434\u043f\u043e\u0432\u0456\u0434\u043d\u0456\u0441\u0442\u044c MiCA. \u0423 \u0431\u043b\u043e\u0437\u0456 Xpaid \u0432\u0438 \u0437\u043d\u0430\u0439\u0434\u0435\u0442\u0435 \u043a\u0435\u0439\u0441\u0438 \u0442\u0430 \u043a\u043e\u0440\u0438\u0441\u043d\u0443 \u0456\u043d\u0444\u043e\u0440\u043c\u0430\u0446\u0456\u044e \u043f\u0440\u043e \u043c\u0456\u0436\u043d\u0430\u0440\u043e\u0434\u043d\u0456 \u043f\u0435\u0440\u0435\u043a\u0430\u0437\u0438.<\/p>\t\t\t\t\t\t\t\t<\/div>\n\t\t\t\t<\/div>\n\t\t<div class=\"elementor-element elementor-element-7d46861 e-con-full e-flex elementor-invisible e-con e-child\" data-id=\"7d46861\" data-element_type=\"container\" data-e-type=\"container\" data-settings=\"{&quot;animation&quot;:&quot;fadeIn&quot;}\">\n\t\t<div class=\"elementor-element elementor-element-a20a4ac e-con-full e-flex e-con e-child\" data-id=\"a20a4ac\" data-element_type=\"container\" data-e-type=\"container\">\n\t\t\t\t<div class=\"elementor-element elementor-element-ab9287a e-n-tabs-none elementor-widget elementor-widget-n-tabs\" data-id=\"ab9287a\" data-element_type=\"widget\" data-e-type=\"widget\" data-settings=\"{&quot;tabs_justify_horizontal&quot;:&quot;start&quot;,&quot;horizontal_scroll_mobile&quot;:&quot;enable&quot;,&quot;horizontal_scroll&quot;:&quot;disable&quot;}\" data-widget_type=\"nested-tabs.default\">\n\t\t\t\t\t\t\t<div class=\"e-n-tabs\" data-widget-number=\"179906682\" aria-label=\"Karty. Otwieraj elementy za pomoc\u0105 Enter lub Spacji, zamykaj za pomoc\u0105 Escape i nawiguj za pomoc\u0105 klawiszy strza\u0142ek.\">\n\t\t\t<div class=\"e-n-tabs-heading\" role=\"tablist\">\n\t\t\t\t\t<button id=\"all\" data-tab-title-id=\"e-n-tab-title-1799066821\" class=\"e-n-tab-title\" aria-selected=\"true\" data-tab-index=\"1\" role=\"tab\" tabindex=\"0\" aria-controls=\"e-n-tab-content-1799066821\" style=\"--n-tabs-title-order: 1;\">\n\t\t\t\t\t\t<span class=\"e-n-tab-title-text\">\n\t\t\t\t\u0412\u0441\u0456\t\t\t<\/span>\n\t\t<\/button>\n\t\t\t\t<button id=\"news\" data-tab-title-id=\"e-n-tab-title-1799066822\" class=\"e-n-tab-title\" aria-selected=\"false\" data-tab-index=\"2\" role=\"tab\" tabindex=\"-1\" aria-controls=\"e-n-tab-content-1799066822\" style=\"--n-tabs-title-order: 2;\">\n\t\t\t\t\t\t<span class=\"e-n-tab-title-text\">\n\t\t\t\t\u041d\u043e\u0432\u0438\u043d\u0438\t\t\t<\/span>\n\t\t<\/button>\n\t\t\t\t<button id=\"cases\" data-tab-title-id=\"e-n-tab-title-1799066823\" class=\"e-n-tab-title\" aria-selected=\"false\" data-tab-index=\"3\" role=\"tab\" tabindex=\"-1\" aria-controls=\"e-n-tab-content-1799066823\" style=\"--n-tabs-title-order: 3;\">\n\t\t\t\t\t\t<span class=\"e-n-tab-title-text\">\n\t\t\t\t\u041a\u0435\u0439\u0441\u0438\t\t\t<\/span>\n\t\t<\/button>\n\t\t\t\t<button id=\"analytics\" data-tab-title-id=\"e-n-tab-title-1799066824\" class=\"e-n-tab-title\" aria-selected=\"false\" data-tab-index=\"4\" role=\"tab\" tabindex=\"-1\" aria-controls=\"e-n-tab-content-1799066824\" style=\"--n-tabs-title-order: 4;\">\n\t\t\t\t\t\t<span class=\"e-n-tab-title-text\">\n\t\t\t\t\u0410\u043d\u0430\u043b\u0456\u0442\u0438\u043a\u0430\t\t\t<\/span>\n\t\t<\/button>\n\t\t\t\t\t<\/div>\n\t\t\t<div class=\"e-n-tabs-content\">\n\t\t\t\t<div id=\"e-n-tab-content-1799066821\" role=\"tabpanel\" aria-labelledby=\"all\" data-tab-index=\"1\" style=\"--n-tabs-title-order: 1;\" class=\"e-active elementor-element elementor-element-2f152aa e-flex e-con-boxed e-con e-child\" data-id=\"2f152aa\" data-element_type=\"container\" data-e-type=\"container\">\n\t\t\t\t\t<div class=\"e-con-inner\">\n\t\t\t\t<div class=\"elementor-element elementor-element-e50a5db elementor-grid-2 elementor-grid-tablet-2 elementor-grid-mobile-1 elementor-widget elementor-widget-loop-grid\" data-id=\"e50a5db\" data-element_type=\"widget\" data-e-type=\"widget\" data-settings=\"{&quot;template_id&quot;:&quot;3785&quot;,&quot;columns&quot;:2,&quot;alternate_template&quot;:&quot;yes&quot;,&quot;_skin&quot;:&quot;post&quot;,&quot;columns_tablet&quot;:&quot;2&quot;,&quot;columns_mobile&quot;:&quot;1&quot;,&quot;edit_handle_selector&quot;:&quot;[data-elementor-type=\\&quot;loop-item\\&quot;]&quot;,&quot;row_gap&quot;:{&quot;unit&quot;:&quot;px&quot;,&quot;size&quot;:&quot;&quot;,&quot;sizes&quot;:[]},&quot;row_gap_tablet&quot;:{&quot;unit&quot;:&quot;px&quot;,&quot;size&quot;:&quot;&quot;,&quot;sizes&quot;:[]},&quot;row_gap_mobile&quot;:{&quot;unit&quot;:&quot;px&quot;,&quot;size&quot;:&quot;&quot;,&quot;sizes&quot;:[]}}\" data-no-translation=\"\" data-widget_type=\"loop-grid.post\">\n\t\t\t\t<div class=\"elementor-widget-container\">\n\t\t\t\t\t<style>.elementor-element-e50a5db{display:none !important}<\/style>\t\t\t\t<\/div>\n\t\t\t\t<\/div>\n\t\t\t\t<div class=\"elementor-element elementor-element-9797dbb elementor-grid-2 elementor-grid-tablet-2 elementor-grid-mobile-1 elementor-widget elementor-widget-loop-grid\" data-id=\"9797dbb\" data-element_type=\"widget\" data-e-type=\"widget\" data-settings=\"{&quot;template_id&quot;:&quot;3785&quot;,&quot;columns&quot;:2,&quot;alternate_template&quot;:&quot;yes&quot;,&quot;_skin&quot;:&quot;post&quot;,&quot;columns_tablet&quot;:&quot;2&quot;,&quot;columns_mobile&quot;:&quot;1&quot;,&quot;edit_handle_selector&quot;:&quot;[data-elementor-type=\\&quot;loop-item\\&quot;]&quot;,&quot;row_gap&quot;:{&quot;unit&quot;:&quot;px&quot;,&quot;size&quot;:&quot;&quot;,&quot;sizes&quot;:[]},&quot;row_gap_tablet&quot;:{&quot;unit&quot;:&quot;px&quot;,&quot;size&quot;:&quot;&quot;,&quot;sizes&quot;:[]},&quot;row_gap_mobile&quot;:{&quot;unit&quot;:&quot;px&quot;,&quot;size&quot;:&quot;&quot;,&quot;sizes&quot;:[]}}\" data-no-translation=\"\" data-widget_type=\"loop-grid.post\">\n\t\t\t\t<div class=\"elementor-widget-container\">\n\t\t\t\t\t<style>.elementor-element-9797dbb{display:none !important}<\/style>\t\t\t\t<\/div>\n\t\t\t\t<\/div>\n\t\t\t\t\t<\/div>\n\t\t\t\t<\/div>\n\t\t<div id=\"e-n-tab-content-1799066822\" role=\"tabpanel\" aria-labelledby=\"news\" data-tab-index=\"2\" style=\"--n-tabs-title-order: 2;\" class=\" elementor-element elementor-element-6ba17c1 e-con-full e-flex e-con e-child\" data-id=\"6ba17c1\" data-element_type=\"container\" data-e-type=\"container\">\n\t\t\t\t<div class=\"elementor-element elementor-element-8b9388f elementor-grid-2 elementor-grid-tablet-2 elementor-grid-mobile-1 elementor-widget elementor-widget-loop-grid\" data-id=\"8b9388f\" data-element_type=\"widget\" data-e-type=\"widget\" data-settings=\"{&quot;template_id&quot;:&quot;3785&quot;,&quot;columns&quot;:2,&quot;alternate_template&quot;:&quot;yes&quot;,&quot;_skin&quot;:&quot;post&quot;,&quot;columns_tablet&quot;:&quot;2&quot;,&quot;columns_mobile&quot;:&quot;1&quot;,&quot;edit_handle_selector&quot;:&quot;[data-elementor-type=\\&quot;loop-item\\&quot;]&quot;,&quot;row_gap&quot;:{&quot;unit&quot;:&quot;px&quot;,&quot;size&quot;:&quot;&quot;,&quot;sizes&quot;:[]},&quot;row_gap_tablet&quot;:{&quot;unit&quot;:&quot;px&quot;,&quot;size&quot;:&quot;&quot;,&quot;sizes&quot;:[]},&quot;row_gap_mobile&quot;:{&quot;unit&quot;:&quot;px&quot;,&quot;size&quot;:&quot;&quot;,&quot;sizes&quot;:[]}}\" data-no-translation=\"\" data-widget_type=\"loop-grid.post\">\n\t\t\t\t<div class=\"elementor-widget-container\">\n\t\t\t\t\t<style>.elementor-element-8b9388f{display:none !important}<\/style>\t\t\t\t<\/div>\n\t\t\t\t<\/div>\n\t\t\t\t<div class=\"elementor-element elementor-element-8c060bc elementor-grid-2 elementor-grid-tablet-2 elementor-grid-mobile-1 elementor-widget elementor-widget-loop-grid\" data-id=\"8c060bc\" data-element_type=\"widget\" data-e-type=\"widget\" data-settings=\"{&quot;template_id&quot;:&quot;3785&quot;,&quot;columns&quot;:2,&quot;alternate_template&quot;:&quot;yes&quot;,&quot;_skin&quot;:&quot;post&quot;,&quot;columns_tablet&quot;:&quot;2&quot;,&quot;columns_mobile&quot;:&quot;1&quot;,&quot;edit_handle_selector&quot;:&quot;[data-elementor-type=\\&quot;loop-item\\&quot;]&quot;,&quot;row_gap&quot;:{&quot;unit&quot;:&quot;px&quot;,&quot;size&quot;:&quot;&quot;,&quot;sizes&quot;:[]},&quot;row_gap_tablet&quot;:{&quot;unit&quot;:&quot;px&quot;,&quot;size&quot;:&quot;&quot;,&quot;sizes&quot;:[]},&quot;row_gap_mobile&quot;:{&quot;unit&quot;:&quot;px&quot;,&quot;size&quot;:&quot;&quot;,&quot;sizes&quot;:[]}}\" data-no-translation=\"\" data-widget_type=\"loop-grid.post\">\n\t\t\t\t<div class=\"elementor-widget-container\">\n\t\t\t\t\t<style>.elementor-element-8c060bc{display:none !important}<\/style>\t\t\t\t<\/div>\n\t\t\t\t<\/div>\n\t\t\t\t<\/div>\n\t\t<div id=\"e-n-tab-content-1799066823\" role=\"tabpanel\" aria-labelledby=\"cases\" data-tab-index=\"3\" style=\"--n-tabs-title-order: 3;\" class=\" elementor-element elementor-element-7ad3281 e-con-full e-flex e-con e-child\" data-id=\"7ad3281\" data-element_type=\"container\" data-e-type=\"container\">\n\t\t\t\t<div class=\"elementor-element elementor-element-c4b8c08 elementor-grid-2 elementor-grid-tablet-2 elementor-grid-mobile-1 elementor-widget elementor-widget-loop-grid\" data-id=\"c4b8c08\" data-element_type=\"widget\" data-e-type=\"widget\" data-settings=\"{&quot;template_id&quot;:&quot;3785&quot;,&quot;columns&quot;:2,&quot;alternate_template&quot;:&quot;yes&quot;,&quot;_skin&quot;:&quot;post&quot;,&quot;columns_tablet&quot;:&quot;2&quot;,&quot;columns_mobile&quot;:&quot;1&quot;,&quot;edit_handle_selector&quot;:&quot;[data-elementor-type=\\&quot;loop-item\\&quot;]&quot;,&quot;row_gap&quot;:{&quot;unit&quot;:&quot;px&quot;,&quot;size&quot;:&quot;&quot;,&quot;sizes&quot;:[]},&quot;row_gap_tablet&quot;:{&quot;unit&quot;:&quot;px&quot;,&quot;size&quot;:&quot;&quot;,&quot;sizes&quot;:[]},&quot;row_gap_mobile&quot;:{&quot;unit&quot;:&quot;px&quot;,&quot;size&quot;:&quot;&quot;,&quot;sizes&quot;:[]}}\" data-no-translation=\"\" data-widget_type=\"loop-grid.post\">\n\t\t\t\t<div class=\"elementor-widget-container\">\n\t\t\t\t\t<style>.elementor-element-c4b8c08{display:none !important}<\/style>\t\t\t\t<\/div>\n\t\t\t\t<\/div>\n\t\t\t\t<div class=\"elementor-element elementor-element-8aa0521 elementor-grid-2 elementor-grid-tablet-2 elementor-grid-mobile-1 elementor-widget elementor-widget-loop-grid\" data-id=\"8aa0521\" data-element_type=\"widget\" data-e-type=\"widget\" data-settings=\"{&quot;template_id&quot;:&quot;3785&quot;,&quot;columns&quot;:2,&quot;alternate_template&quot;:&quot;yes&quot;,&quot;_skin&quot;:&quot;post&quot;,&quot;columns_tablet&quot;:&quot;2&quot;,&quot;columns_mobile&quot;:&quot;1&quot;,&quot;edit_handle_selector&quot;:&quot;[data-elementor-type=\\&quot;loop-item\\&quot;]&quot;,&quot;row_gap&quot;:{&quot;unit&quot;:&quot;px&quot;,&quot;size&quot;:&quot;&quot;,&quot;sizes&quot;:[]},&quot;row_gap_tablet&quot;:{&quot;unit&quot;:&quot;px&quot;,&quot;size&quot;:&quot;&quot;,&quot;sizes&quot;:[]},&quot;row_gap_mobile&quot;:{&quot;unit&quot;:&quot;px&quot;,&quot;size&quot;:&quot;&quot;,&quot;sizes&quot;:[]}}\" data-no-translation=\"\" data-widget_type=\"loop-grid.post\">\n\t\t\t\t<div class=\"elementor-widget-container\">\n\t\t\t\t\t<style>.elementor-element-8aa0521{display:none !important}<\/style>\t\t\t\t<\/div>\n\t\t\t\t<\/div>\n\t\t\t\t<\/div>\n\t\t<div id=\"e-n-tab-content-1799066824\" role=\"tabpanel\" aria-labelledby=\"analytics\" data-tab-index=\"4\" style=\"--n-tabs-title-order: 4;\" class=\" elementor-element elementor-element-0b91513 e-con-full e-flex e-con e-child\" data-id=\"0b91513\" data-element_type=\"container\" data-e-type=\"container\">\n\t\t\t\t<div class=\"elementor-element elementor-element-e857db9 elementor-grid-2 elementor-grid-tablet-2 elementor-grid-mobile-1 elementor-widget elementor-widget-loop-grid\" data-id=\"e857db9\" data-element_type=\"widget\" data-e-type=\"widget\" data-settings=\"{&quot;template_id&quot;:&quot;3785&quot;,&quot;columns&quot;:2,&quot;alternate_template&quot;:&quot;yes&quot;,&quot;_skin&quot;:&quot;post&quot;,&quot;columns_tablet&quot;:&quot;2&quot;,&quot;columns_mobile&quot;:&quot;1&quot;,&quot;edit_handle_selector&quot;:&quot;[data-elementor-type=\\&quot;loop-item\\&quot;]&quot;,&quot;row_gap&quot;:{&quot;unit&quot;:&quot;px&quot;,&quot;size&quot;:&quot;&quot;,&quot;sizes&quot;:[]},&quot;row_gap_tablet&quot;:{&quot;unit&quot;:&quot;px&quot;,&quot;size&quot;:&quot;&quot;,&quot;sizes&quot;:[]},&quot;row_gap_mobile&quot;:{&quot;unit&quot;:&quot;px&quot;,&quot;size&quot;:&quot;&quot;,&quot;sizes&quot;:[]}}\" data-no-translation=\"\" data-widget_type=\"loop-grid.post\">\n\t\t\t\t<div class=\"elementor-widget-container\">\n\t\t\t\t\t<style>.elementor-element-e857db9{display:none !important}<\/style>\t\t\t\t<\/div>\n\t\t\t\t<\/div>\n\t\t\t\t<div class=\"elementor-element elementor-element-8e7ee4d elementor-grid-2 elementor-grid-tablet-2 elementor-grid-mobile-1 elementor-widget elementor-widget-loop-grid\" data-id=\"8e7ee4d\" data-element_type=\"widget\" data-e-type=\"widget\" data-settings=\"{&quot;template_id&quot;:&quot;3785&quot;,&quot;columns&quot;:2,&quot;alternate_template&quot;:&quot;yes&quot;,&quot;_skin&quot;:&quot;post&quot;,&quot;columns_tablet&quot;:&quot;2&quot;,&quot;columns_mobile&quot;:&quot;1&quot;,&quot;edit_handle_selector&quot;:&quot;[data-elementor-type=\\&quot;loop-item\\&quot;]&quot;,&quot;row_gap&quot;:{&quot;unit&quot;:&quot;px&quot;,&quot;size&quot;:&quot;&quot;,&quot;sizes&quot;:[]},&quot;row_gap_tablet&quot;:{&quot;unit&quot;:&quot;px&quot;,&quot;size&quot;:&quot;&quot;,&quot;sizes&quot;:[]},&quot;row_gap_mobile&quot;:{&quot;unit&quot;:&quot;px&quot;,&quot;size&quot;:&quot;&quot;,&quot;sizes&quot;:[]}}\" data-no-translation=\"\" data-widget_type=\"loop-grid.post\">\n\t\t\t\t<div class=\"elementor-widget-container\">\n\t\t\t\t\t<style>.elementor-element-8e7ee4d{display:none !important}<\/style>\t\t\t\t<\/div>\n\t\t\t\t<\/div>\n\t\t\t\t<\/div>\n\t\t\t\t\t<\/div>\n\t\t<\/div>\n\t\t\t\t\t\t<\/div>\n\t\t\t\t<\/div>\n\t\t<div class=\"elementor-element elementor-element-5c3d756 e-con-full e-flex e-con e-child\" data-id=\"5c3d756\" data-element_type=\"container\" data-e-type=\"container\" data-settings=\"{&quot;sticky&quot;:&quot;top&quot;,&quot;sticky_offset&quot;:20,&quot;sticky_parent&quot;:&quot;yes&quot;,&quot;sticky_on&quot;:[&quot;desktop&quot;,&quot;tablet&quot;,&quot;mobile&quot;],&quot;sticky_effects_offset&quot;:0,&quot;sticky_anchor_link_offset&quot;:0}\">\n\t\t<div class=\"elementor-element elementor-element-6eadc56 e-con-full e-flex e-con e-child\" data-id=\"6eadc56\" data-element_type=\"container\" data-e-type=\"container\" data-settings=\"{&quot;background_background&quot;:&quot;classic&quot;}\">\n\t\t\t\t<div class=\"elementor-element elementor-element-c95b39f elementor-widget elementor-widget-heading\" data-id=\"c95b39f\" data-element_type=\"widget\" data-e-type=\"widget\" data-widget_type=\"heading.default\">\n\t\t\t\t\t<div class=\"elementor-heading-title elementor-size-default\">\u041b\u0435\u0433\u0430\u043b\u044c\u043d\u0438\u0439 \u0431\u0430\u043d\u043a\u0456\u0432\u0441\u044c\u043a\u0438\u0439 \u043f\u0435\u0440\u0435\u043a\u0430\u0437 \u0437\u00a0\u0423\u043a\u0440\u0430\u0457\u043d\u0438 \u0432\u00a0\u0404\u0421\u00a0\u0437 \u0425paid<\/div>\t\t\t\t<\/div>\n\t\t\t\t<div class=\"elementor-element elementor-element-f77ba4a elementor-widget elementor-widget-text-editor\" data-id=\"f77ba4a\" data-element_type=\"widget\" data-e-type=\"widget\" data-widget_type=\"text-editor.default\">\n\t\t\t\t\t\t\t\t\t<p>\u041f\u043e\u0447\u043d\u0456\u0442\u044c \u043f\u0435\u0440\u0435\u043a\u0430\u0437 \u0456\u0437 \u043f\u0440\u043e\u0444\u0435\u0441\u0456\u0439\u043d\u043e\u044e \u043f\u0456\u0434\u0442\u0440\u0438\u043c\u043a\u043e\u044e \u0432\u0436\u0435 \u0441\u044c\u043e\u0433\u043e\u0434\u043d\u0456 \u2014 \u043c\u0438 \u0441\u0443\u043f\u0440\u043e\u0432\u043e\u0434\u0438\u043c\u043e \u0432\u0430\u0441 \u043d\u0430 \u0432\u0441\u0456\u0445 \u0435\u0442\u0430\u043f\u0430\u0445, \u0432\u043a\u043b\u044e\u0447\u043d\u043e \u0437 \u0444\u0456\u043d\u043c\u043e\u043d\u0456\u0442\u043e\u0440\u0438\u043d\u0433\u043e\u043c.<\/p>\t\t\t\t\t\t\t\t<\/div>\n\t\t\t\t<div class=\"elementor-element elementor-element-8345b37 elementor-mobile-align-justify animated-fast elementor-align-justify elementor-invisible elementor-widget elementor-widget-button\" data-id=\"8345b37\" data-element_type=\"widget\" data-e-type=\"widget\" data-settings=\"{&quot;_animation&quot;:&quot;fadeIn&quot;,&quot;_animation_delay&quot;:400}\" data-widget_type=\"button.default\">\n\t\t\t\t\t\t\t\t\t\t<a class=\"elementor-button elementor-button-link elementor-size-sm\" href=\"https:\/\/t.me\/XpaidUA_bot\" rel=\"nofollow\">\n\t\t\t\t\t\t<span class=\"elementor-button-content-wrapper\">\n\t\t\t\t\t\t\t\t\t<span class=\"elementor-button-text\">\u0414\u0456\u0437\u043d\u0430\u0442\u0438\u0441\u044c \u0431\u0456\u043b\u044c\u0448\u0435<\/span>\n\t\t\t\t\t<\/span>\n\t\t\t\t\t<\/a>\n\t\t\t\t\t\t\t\t<\/div>\n\t\t\t\t<div class=\"elementor-element elementor-element-4953d87 elementor-widget elementor-widget-image\" data-id=\"4953d87\" data-element_type=\"widget\" data-e-type=\"widget\" data-widget_type=\"image.default\">\n\t\t\t\t\t\t\t\t\t\t\t\t\t\t\t<img fetchpriority=\"high\" decoding=\"async\" width=\"340\" height=\"290\" src=\"https:\/\/xpaid.org\/wp-content\/uploads\/2025\/08\/graphic-blog.svg\" class=\"attachment-large size-large wp-image-4833\" alt=\"\">\t\t\t\t\t\t\t\t\t\t\t\t\t\t\t<\/div>\n\t\t\t\t<\/div>\n\t\t<div class=\"elementor-element elementor-element-26deb7d e-con-full elementor-hidden-mobile e-flex e-con e-child\" data-id=\"26deb7d\" data-element_type=\"container\" data-e-type=\"container\">\n\t\t\t\t<div class=\"elementor-element elementor-element-811319d elementor-widget elementor-widget-heading\" data-id=\"811319d\" data-element_type=\"widget\" data-e-type=\"widget\" data-widget_type=\"heading.default\">\n\t\t\t\t\t<div class=\"elementor-heading-title elementor-size-default\">\u041f\u0440\u043e Xpaid<\/div>\t\t\t\t<\/div>\n\t\t\t\t<div class=\"elementor-element elementor-element-a130560 elementor-widget elementor-widget-text-editor\" data-id=\"a130560\" data-element_type=\"widget\" data-e-type=\"widget\" data-widget_type=\"text-editor.default\">\n\t\t\t\t\t\t\t\t\t<p>Xpaid \u2014 \u043a\u0440\u0438\u043f\u0442\u043e \u043d\u0435\u043e\u0431\u0430\u043d\u043a, \u0449\u043e \u0441\u043f\u0435\u0446\u0456\u0430\u043b\u0456\u0437\u0443\u0454\u0442\u044c\u0441\u044f \u043d\u0430 \u0456\u043d\u0442\u0435\u0433\u0440\u0430\u0446\u0456\u0457 \u043a\u0440\u0438\u043f\u0442\u043e\u0432\u0430\u043b\u044e\u0442\u043d\u0438\u0445 \u0440\u0456\u0448\u0435\u043d\u044c \u0442\u0430\u00a0\u0444\u0456\u043d\u0430\u043d\u0441\u043e\u0432\u0438\u0445 \u043f\u043e\u0441\u043b\u0443\u0433, \u0441\u043f\u0440\u043e\u0449\u0443\u044e\u0447\u0438 \u043f\u0435\u0440\u0435\u043a\u0430\u0437\u0438 \u0442\u0430\u00a0\u043f\u043b\u0430\u0442\u0435\u0436\u0456.<\/p>\t\t\t\t\t\t\t\t<\/div>\n\t\t<div class=\"elementor-element elementor-element-afa8c51 e-con-full elementor-hidden-mobile e-flex e-con e-child\" data-id=\"afa8c51\" data-element_type=\"container\" data-e-type=\"container\">\n\t\t\t\t<div class=\"elementor-element elementor-element-50ad20b elementor-widget elementor-widget-image\" data-id=\"50ad20b\" data-element_type=\"widget\" data-e-type=\"widget\" data-widget_type=\"image.default\">\n\t\t\t\t\t<style>.elementor-element-50ad20b{display:none !important}<\/style>\t\t\t\t<\/div>\n\t\t\t\t<div class=\"elementor-element elementor-element-42c5dd7 elementor-widget elementor-widget-image\" data-id=\"42c5dd7\" data-element_type=\"widget\" data-e-type=\"widget\" data-widget_type=\"image.default\">\n\t\t\t\t\t\t\t\t\t\t\t\t\t\t\t\t<a href=\"https:\/\/www.instagram.com\/xpaid.ua\" rel=\"nofollow noopener\" target=\"_blank\">\n\t\t\t\t\t\t\t<img decoding=\"async\" width=\"120\" height=\"120\" src=\"https:\/\/xpaid.org\/wp-content\/uploads\/2025\/08\/inst.png\" class=\"attachment-full size-full wp-image-4951\" alt=\"\" srcset=\"https:\/\/xpaid.org\/wp-content\/uploads\/2025\/08\/inst.png 120w, https:\/\/xpaid.org\/wp-content\/uploads\/2025\/08\/inst-12x12.png 12w\" sizes=\"(max-width: 120px) 100vw, 120px\">\t\t\t\t\t\t\t\t<\/a>\n\t\t\t\t\t\t\t\t\t\t\t\t\t\t\t<\/div>\n\t\t\t\t<div class=\"elementor-element elementor-element-13c2440 elementor-widget elementor-widget-image\" data-id=\"13c2440\" data-element_type=\"widget\" data-e-type=\"widget\" data-widget_type=\"image.default\">\n\t\t\t\t\t\t\t\t\t\t\t\t\t\t\t\t<a href=\"https:\/\/ua.linkedin.com\/company\/exchangepaid?trk=ppro_cprof\" rel=\"nofollow noopener\" target=\"_blank\">\n\t\t\t\t\t\t\t<img decoding=\"async\" width=\"120\" height=\"120\" src=\"https:\/\/xpaid.org\/wp-content\/uploads\/2025\/08\/in.png\" class=\"attachment-full size-full wp-image-4950\" alt=\"\" srcset=\"https:\/\/xpaid.org\/wp-content\/uploads\/2025\/08\/in.png 120w, https:\/\/xpaid.org\/wp-content\/uploads\/2025\/08\/in-12x12.png 12w\" sizes=\"(max-width: 120px) 100vw, 120px\">\t\t\t\t\t\t\t\t<\/a>\n\t\t\t\t\t\t\t\t\t\t\t\t\t\t\t<\/div>\n\t\t\t\t<\/div>\n\t\t\t\t<\/div>\n\t\t\t\t<\/div>\n\t\t\t\t<\/div>\n\t\t\t\t\t<\/div>\n\t\t\t\t<\/div>\n\t\t\t\t<\/div>\n\t\t","protected":false},"excerpt":{"rendered":"<p>\u0411\u043b\u043e\u0433 Xpaid: \u043d\u043e\u0432\u0438\u043d\u0438, \u0433\u0430\u0439\u0434\u0438 \u0442\u0430 \u0430\u043d\u0430\u043b\u0456\u0442\u0438\u043a\u0430 \u0426\u0438\u0444\u0440\u043e\u0432\u0456 \u0430\u043a\u0442\u0438\u0432\u0438, \u043c\u0456\u0436\u043d\u0430\u0440\u043e\u0434\u043d\u0456 \u043f\u0435\u0440\u0435\u043a\u0430\u0437\u0438, \u0431\u0430\u043d\u043a\u0456\u043d\u0433 \u0442\u0430 \u043a\u043e\u043c\u043f\u043b\u0430\u0454\u043d\u0441 \u0414\u0456\u043b\u0438\u043c\u043e\u0441\u044f \u043f\u0440\u0430\u043a\u0442\u0438\u0447\u043d\u0438\u043c\u0438 \u043a\u0435\u0439\u0441\u0430\u043c\u0438 \u0442\u0430 \u0456\u043d\u0444\u043e\u0440\u043c\u0430\u0446\u0456\u0454\u044e \u043f\u0440\u043e \u043c\u0456\u0436\u043d\u0430\u0440\u043e\u0434\u043d\u0456 \u043f\u0435\u0440\u0435\u043a\u0430\u0437\u0438, \u0446\u0438\u0444\u0440\u043e\u0432\u0456 \u0430\u043a\u0442\u0438\u0432\u0438 \u0439 \u0432\u0456\u0434\u043f\u043e\u0432\u0456\u0434\u043d\u0456\u0441\u0442\u044c MiCA. \u0423 \u0431\u043b\u043e\u0437\u0456 Xpaid \u0432\u0438 \u0437\u043d\u0430\u0439\u0434\u0435\u0442\u0435 \u043a\u0435\u0439\u0441\u0438 \u0442\u0430 \u043a\u043e\u0440\u0438\u0441\u043d\u0443 \u0456\u043d\u0444\u043e\u0440\u043c\u0430\u0446\u0456\u044e \u043f\u0440\u043e \u043c\u0456\u0436\u043d\u0430\u0440\u043e\u0434\u043d\u0456 \u043f\u0435\u0440\u0435\u043a\u0430\u0437\u0438. \u0412\u0441\u0456 \u041d\u043e\u0432\u0438\u043d\u0438 \u041a\u0435\u0439\u0441\u0438 \u0410\u043d\u0430\u043b\u0456\u0442\u0438\u043a\u0430 \u041b\u0435\u0433\u0430\u043b\u044c\u043d\u0438\u0439 \u0431\u0430\u043d\u043a\u0456\u0432\u0441\u044c\u043a\u0438\u0439 \u043f\u0435\u0440\u0435\u043a\u0430\u0437 \u0437\u00a0\u0423\u043a\u0440\u0430\u0457\u043d\u0438 \u0432\u00a0\u0404\u0421\u00a0\u0437 \u0425paid \u041f\u043e\u0447\u043d\u0456\u0442\u044c \u043f\u0435\u0440\u0435\u043a\u0430\u0437 \u0456\u0437 \u043f\u0440\u043e\u0444\u0435\u0441\u0456\u0439\u043d\u043e\u044e \u043f\u0456\u0434\u0442\u0440\u0438\u043c\u043a\u043e\u044e \u0432\u0436\u0435 \u0441\u044c\u043e\u0433\u043e\u0434\u043d\u0456 [&hellip;]<\/p>\n","protected":false},"author":1,"featured_media":0,"parent":0,"menu_order":0,"comment_status":"closed","ping_status":"closed","template":"","meta":{"footnotes":""},"class_list":["post-1490","page","type-page","status-publish","hentry"],"_links":{"self":[{"href":"https:\/\/xpaid.org\/pl\/wp-json\/wp\/v2\/pages\/1490","targetHints":{"allow":["GET"]}}],"collection":[{"href":"https:\/\/xpaid.org\/pl\/wp-json\/wp\/v2\/pages"}],"about":[{"href":"https:\/\/xpaid.org\/pl\/wp-json\/wp\/v2\/types\/page"}],"author":[{"embeddable":true,"href":"https:\/\/xpaid.org\/pl\/wp-json\/wp\/v2\/users\/1"}],"replies":[{"embeddable":true,"href":"https:\/\/xpaid.org\/pl\/wp-json\/wp\/v2\/comments?post=1490"}],"version-history":[{"count":5,"href":"https:\/\/xpaid.org\/pl\/wp-json\/wp\/v2\/pages\/1490\/revisions"}],"predecessor-version":[{"id":6746,"href":"https:\/\/xpaid.org\/pl\/wp-json\/wp\/v2\/pages\/1490\/revisions\/6746"}],"wp:attachment":[{"href":"https:\/\/xpaid.org\/pl\/wp-json\/wp\/v2\/media?parent=1490"}],"curies":[{"name":"wp","href":"https:\/\/api.w.org\/{rel}","templated":true}]}}